{"id":54,"date":"2023-03-31T19:15:36","date_gmt":"2023-03-31T19:15:36","guid":{"rendered":"https:\/\/deliverbetter.com\/?page_id=54"},"modified":"2025-12-01T22:11:41","modified_gmt":"2025-12-01T22:11:41","slug":"business","status":"publish","type":"page","link":"https:\/\/deliverbetter.com\/fr\/business\/","title":{"rendered":"for business | gofor"},"content":{"rendered":"<style>\n.home-hero {\nmin-height:110vh;\n}\n@media (max-width: 840px) {\n.home-hero {\nbackground-image: url(https:\/\/deliverbetter.com\/wp-content\/uploads\/2025\/11\/delivery-driver-005-m.jpg);\n    background-position: bottom right;\n    padding-left: 20px!important;\n    padding-right: 20px!important;\n    padding-top: 20px!important;\n    min-height: 1000px;\n    background-size:cover;\n}\n.home-hero.gb-block-container .gb-container-image {\ndisplay:none;\n}\n.home-hero h1, .home-hero p {\ncolor: #39403f!important;\n}\n}\n<\/style>\n\n\n\n<div style=\"background-color:#ffffff;padding-left:10%;padding-right:10%;padding-bottom:15%;padding-top:10%\" class=\"wp-block-genesis-blocks-gb-container gb-layout-hero-1 home-hero herobg-tl gb-block-container alignfull\"><div class=\"gb-container-inside\"><div class=\"gb-container-image-wrap\"><img decoding=\"async\" class=\"gb-container-image has-background-dim-100 has-background-dim\" src=\"https:\/\/deliverbetter.com\/wp-content\/uploads\/2025\/11\/delivery-driver-005-1.jpg\" alt=\"\"\/><\/div><div class=\"gb-container-content\" style=\"max-width:650px\">\n<h1 class=\"wp-block-heading has-text-align-left gb-white-text has-text-color has-link-color wp-elements-a6cfcd83e421b2758c71f7b50fb002fd\" style=\"color:#39403f\">Together we deliver better<sup>\u2122<\/sup><\/h1>\n\n\n\n<p class=\"has-text-color\" style=\"color:#39403f\">GoFor\u2019s service means delivering what you need and doing what it takes to get it there. It\u2019s how we have turned out big and bulky business into a streamlined, stress-free last mile.<\/p>\n\n\n\n<div class=\"wp-block-buttons is-layout-flex wp-block-buttons-is-layout-flex\">\n<div class=\"wp-block-button primary-button gb-block-button\"><a class=\"wp-block-button__link has-text-color has-background has-custom-font-size wp-element-button\" href=\"\/fr\/get-started\/\" style=\"border-radius:0px;color:#ffffff;background-color:#3373dc;padding-top:10px;padding-right:1em;padding-bottom:10px;padding-left:1em;font-size:20px;line-height:1.2\">commencez<\/a><\/div>\n<\/div>\n<\/div><\/div><\/div>\n\n\n\n<div class=\"wp-block-genesis-blocks-gb-container global-wrapper row-fluid p-t-70 p-b-50 gb-block-container\"><div class=\"gb-container-inside\"><div class=\"gb-container-content\">\n<h2 class=\"wp-block-heading has-text-align-center\">Your needs are ever evolving and so are we<\/h2>\n\n\n\n<p class=\"has-text-align-center global-wrapper row-fluid\">We deliver anything from small items to big and bulky appliances. We are constantly evaluating our business against your needs to make sure that we can deliver what you need when you need it, no matter the size.<\/p>\n<\/div><\/div><\/div>\n\n\n<div class=\"wp-block-image\">\n<figure class=\"aligncenter size-full is-resized\"><img loading=\"lazy\" decoding=\"async\" width=\"2000\" height=\"1236\" src=\"https:\/\/deliverbetter.com\/wp-content\/uploads\/2025\/11\/delivery-van-001.png\" alt=\"\" class=\"wp-image-722\" style=\"width:1000px\" srcset=\"https:\/\/deliverbetter.com\/wp-content\/uploads\/2025\/11\/delivery-van-001.png 2000w, https:\/\/deliverbetter.com\/wp-content\/uploads\/2025\/11\/delivery-van-001-300x185.png 300w, https:\/\/deliverbetter.com\/wp-content\/uploads\/2025\/11\/delivery-van-001-1024x633.png 1024w, https:\/\/deliverbetter.com\/wp-content\/uploads\/2025\/11\/delivery-van-001-768x475.png 768w, https:\/\/deliverbetter.com\/wp-content\/uploads\/2025\/11\/delivery-van-001-1536x949.png 1536w, https:\/\/deliverbetter.com\/wp-content\/uploads\/2025\/11\/delivery-van-001-18x12.png 18w, https:\/\/deliverbetter.com\/wp-content\/uploads\/2025\/11\/delivery-van-001-1200x742.png 1200w, https:\/\/deliverbetter.com\/wp-content\/uploads\/2025\/11\/delivery-van-001-1400x865.png 1400w\" sizes=\"auto, (max-width: 2000px) 100vw, 2000px\" \/><\/figure>\n<\/div>\n\n\n<div class=\"wp-block-columns p-t-100 p-b-20 row-fluid global-wrapper is-layout-flex wp-container-core-columns-is-layout-9d6595d7 wp-block-columns-is-layout-flex\">\n<div class=\"wp-block-column is-vertically-aligned-top is-layout-flow wp-block-column-is-layout-flow\">\n<figure class=\"wp-block-image size-large\"><img loading=\"lazy\" decoding=\"async\" width=\"1024\" height=\"683\" src=\"https:\/\/deliverbetter.com\/wp-content\/uploads\/2023\/04\/GoFor-Ebook-Retail-1024x683.jpg\" alt=\"\" class=\"wp-image-96\" srcset=\"https:\/\/deliverbetter.com\/wp-content\/uploads\/2023\/04\/GoFor-Ebook-Retail-1024x683.jpg 1024w, https:\/\/deliverbetter.com\/wp-content\/uploads\/2023\/04\/GoFor-Ebook-Retail-300x200.jpg 300w, https:\/\/deliverbetter.com\/wp-content\/uploads\/2023\/04\/GoFor-Ebook-Retail-768x512.jpg 768w, https:\/\/deliverbetter.com\/wp-content\/uploads\/2023\/04\/GoFor-Ebook-Retail-600x400.jpg 600w, https:\/\/deliverbetter.com\/wp-content\/uploads\/2023\/04\/GoFor-Ebook-Retail.jpg 1080w\" sizes=\"auto, (max-width: 1024px) 100vw, 1024px\" \/><\/figure>\n<\/div>\n\n\n\n<div class=\"wp-block-column is-vertically-aligned-center is-layout-flow wp-block-column-is-layout-flow\">\n<h2 class=\"wp-block-heading\">Service that cares<\/h2>\n\n\n\n<p>70% of consumers are less likely to shop with a retailer again if their item is delivered late. At GoFor, we operate on a 99% on-time completion rate ensuring the kind of service that keeps your customers coming back.<\/p>\n\n\n\n<div class=\"wp-block-genesis-blocks-gb-accordion gb-block-accordion\"><details><summary class=\"gb-accordion-title\">Trusted service<\/summary><div class=\"gb-accordion-text\">\n<p>Our drivers are trained professionals committed to providing exceptional customer service every day.<\/p>\n<\/div><\/details><\/div>\n\n\n\n<div class=\"wp-block-genesis-blocks-gb-accordion gb-block-accordion\"><details><summary class=\"gb-accordion-title\">Build consumer loyalty<\/summary><div class=\"gb-accordion-text\">\n<figure class=\"wp-block-table\"><table class=\"has-fixed-layout\"><tbody><tr><td>With options to deliver your smallest to your most oversized items, GoFor\u2019s impeccable service will have your customer\u2019s coming back again and again.&nbsp;<\/td><\/tr><\/tbody><\/table><\/figure>\n<\/div><\/details><\/div>\n\n\n\n<div class=\"wp-block-genesis-blocks-gb-accordion gb-block-accordion\"><details><summary class=\"gb-accordion-title\">Transform your delivery<\/summary><div class=\"gb-accordion-text\">\n<p>Disrupt the competition with convenience, speed, and transparency for every delivery.<\/p>\n<\/div><\/details><\/div>\n<\/div>\n<\/div>\n\n\n\n<div class=\"wp-block-genesis-blocks-gb-container row-fluid global-wrapper  p-t-50 gb-block-container\"><div class=\"gb-container-inside\"><div class=\"gb-container-content\">\n<h2 class=\"wp-block-heading has-text-align-center\">Right time, right option&nbsp;<\/h2>\n\n\n\n<p class=\"has-text-align-center\">Nous proposons des options de service qui offrent la flexibilit\u00e9 et la facilit\u00e9 d'adaptation que votre entreprise exige.&nbsp;<\/p>\n\n\n\n<div class=\"wp-block-genesis-blocks-gb-columns global-wrapper row-fluid gb-layout-columns-3 gb-3-col-equal\"><div class=\"gb-layout-column-wrap gb-block-layout-column-gap-1 gb-is-responsive-column\">\n<div class=\"wp-block-genesis-blocks-gb-column gf-border-box gb-block-layout-column\"><div class=\"gb-block-layout-column-inner\">\n<h3 class=\"wp-block-heading has-text-align-center has-text-color\" style=\"color:#ff2c58\">3 heures<\/h3>\n\n\n\n<ul class=\"wp-block-list\">\n<li>moins de 3 heures dans un rayon de 30 km<\/li>\n\n\n\n<li>commandez avant 16 heures et recevez la livraison avant 19 heures<\/li>\n\n\n\n<li>petits, moyens et grands v\u00e9hicules<\/li>\n<\/ul>\n<\/div><\/div>\n\n\n\n<div class=\"wp-block-genesis-blocks-gb-column gf-border-box gb-block-layout-column\"><div class=\"gb-block-layout-column-inner\">\n<h3 class=\"wp-block-heading has-text-align-center has-text-color\" style=\"color:#ff2c58\">Same day<\/h3>\n\n\n\n<ul class=\"wp-block-list\">\n<li>livraison le jour m\u00eame dans un rayon de 30 km<\/li>\n\n\n\n<li>passez la commande avant 12 heures et recevez la livraison avant 17 heures<\/li>\n\n\n\n<li>petits, moyens et grands v\u00e9hicules<\/li>\n<\/ul>\n<\/div><\/div>\n\n\n\n<div class=\"wp-block-genesis-blocks-gb-column gf-border-box gb-block-layout-column\"><div class=\"gb-block-layout-column-inner\">\n<h3 class=\"wp-block-heading has-text-align-center has-text-color\" style=\"color:#ff2c58\">Scheduled<\/h3>\n\n\n\n<ul class=\"wp-block-list\">\n<li>tous les jours de la semaine<\/li>\n\n\n\n<li>livraison dans un d\u00e9lai de 3 heures<\/li>\n\n\n\n<li>petit, moyen, grand v\u00e9hicule ou v\u00e9hicule sp\u00e9cialis\u00e9<\/li>\n<\/ul>\n<\/div><\/div>\n<\/div><\/div>\n\n\n\n<p class=\"has-text-align-center\"><a href=\"https:\/\/deliverbetter.com\/fr\/tarifs?hsLang=en\"><\/a><\/p>\n<\/div><\/div><\/div>\n\n\n\n<div class=\"wp-block-genesis-blocks-gb-container row-fluid global-wrapper  p-t-100 gb-block-container\"><div class=\"gb-container-inside\"><div class=\"gb-container-content\">\n<h2 class=\"wp-block-heading has-text-align-center\">The right vehicle for every delivery<\/h2>\n\n\n\n<p class=\"has-text-align-center\">Acceptez chaque demande de livraison, quelle que soit la taille de la commande, en associant les bons v\u00e9hicules au bon conducteur.&nbsp;&nbsp;&nbsp;<\/p>\n\n\n\n<div class=\"wp-block-genesis-blocks-gb-columns global-wrapper row-fluid gb-layout-columns-4 gb-4-col-equal\" style=\"padding-top:35px;padding-bottom:35px;padding-left:2px\"><div class=\"gb-layout-column-wrap gb-block-layout-column-gap-1 gb-is-responsive-column\">\n<div class=\"wp-block-genesis-blocks-gb-column gf-border-box gb-block-layout-column\"><div class=\"gb-block-layout-column-inner\"><div class=\"wp-block-image\">\n<figure class=\"aligncenter size-full\"><img loading=\"lazy\" decoding=\"async\" width=\"125\" height=\"100\" src=\"https:\/\/deliverbetter.com\/wp-content\/uploads\/2023\/04\/GoFor-Web-Icons-Car.png\" alt=\"\" class=\"wp-image-100\"\/><\/figure>\n<\/div>\n\n\n<h3 class=\"wp-block-heading has-text-align-center\">Small<\/h3>\n\n\n\n<p class=\"has-text-align-center\">Poids par article : 50lb<br>Poids total : 250lb<br>Taille : 3'x2'x3'<\/p>\n<\/div><\/div>\n\n\n\n<div class=\"wp-block-genesis-blocks-gb-column gf-border-box gb-block-layout-column\"><div class=\"gb-block-layout-column-inner\"><div class=\"wp-block-image\">\n<figure class=\"aligncenter size-full\"><img loading=\"lazy\" decoding=\"async\" width=\"125\" height=\"100\" src=\"https:\/\/deliverbetter.com\/wp-content\/uploads\/2023\/04\/GoFor-Web-Icons-Van.png\" alt=\"\" class=\"wp-image-99\"\/><\/figure>\n<\/div>\n\n\n<h3 class=\"wp-block-heading has-text-align-center\">Medium<\/h3>\n\n\n\n<p class=\"has-text-align-center\">Poids par article: 60lb<br>Poids total: 2000lb<br>Taille: 3.75\u2019x4'x10\u2019<\/p>\n<\/div><\/div>\n\n\n\n<div class=\"wp-block-genesis-blocks-gb-column gf-border-box gb-block-layout-column\"><div class=\"gb-block-layout-column-inner\"><div class=\"wp-block-image\">\n<figure class=\"aligncenter size-full\"><img loading=\"lazy\" decoding=\"async\" width=\"125\" height=\"100\" src=\"https:\/\/deliverbetter.com\/wp-content\/uploads\/2023\/04\/GoFor-Web-Icons-Big-Truck.png\" alt=\"\" class=\"wp-image-98\"\/><\/figure>\n<\/div>\n\n\n<h3 class=\"wp-block-heading has-text-align-center\">Large<\/h3>\n\n\n\n<p class=\"has-text-align-center\">Poids par article: 150lb<br>Poids total : 3500lb<br>Taille: 5'x6'x14'<\/p>\n<\/div><\/div>\n\n\n\n<div class=\"wp-block-genesis-blocks-gb-column gf-border-box gb-block-layout-column\"><div class=\"gb-block-layout-column-inner\"><div class=\"wp-block-image\">\n<figure class=\"aligncenter size-full\"><img loading=\"lazy\" decoding=\"async\" width=\"169\" height=\"100\" src=\"https:\/\/deliverbetter.com\/wp-content\/uploads\/2023\/04\/GoFor-Web-Icons-Specialty.png\" alt=\"\" class=\"wp-image-97\"\/><\/figure>\n<\/div>\n\n\n<h3 class=\"wp-block-heading has-text-align-center\">Specialty<\/h3>\n\n\n\n<p class=\"has-text-align-center\">La disponibilit\u00e9 varie selon les march\u00e9s. Veuillez nous contacter pour plus de d\u00e9tails.<\/p>\n<\/div><\/div>\n<\/div><\/div>\n\n\n\n<p class=\"has-text-align-center\"><a href=\"https:\/\/deliverbetter.com\/fr\/tarifs?hsLang=en\"><\/a><\/p>\n<\/div><\/div><\/div>\n\n\n\n<div style=\"background-color:#ffffff;padding-bottom:5%;padding-top:5%\" class=\"wp-block-genesis-blocks-gb-container img-background-content gb-block-container\"><div class=\"gb-container-inside\"><div class=\"gb-container-image-wrap\"><img decoding=\"async\" class=\"gb-container-image has-background-dim-100 has-background-dim\" src=\"https:\/\/deliverbetter.com\/wp-content\/uploads\/2025\/12\/Untitled-design.jpg\" alt=\"\"\/><\/div><div class=\"gb-container-content\">\n<div class=\"wp-block-columns row-fluid global-wrapper no-gap is-layout-flex wp-container-core-columns-is-layout-9d6595d7 wp-block-columns-is-layout-flex\">\n<div class=\"wp-block-column p-t-50 is-layout-flow wp-block-column-is-layout-flow\" style=\"flex-basis:33.33%\">\n<h2 class=\"wp-block-heading has-white-color has-text-color has-link-color wp-elements-d572012a69319003eff58477fc1e74c5\">Experience leads the way<\/h2>\n\n\n\n<p class=\"has-white-color has-text-color has-link-color wp-elements-b81b720c7900872d8dd674b59c79c767\">The GoFor experience allows you to scale as your needs do, with professional drivers and carbon free delivery service. Strengthening your business, while delivering better for your customers.&nbsp;&nbsp;<\/p>\n\n\n\n<h2 class=\"wp-block-heading has-white-color has-text-color\">&nbsp;<\/h2>\n<\/div>\n\n\n\n<div class=\"wp-block-column is-layout-flow wp-block-column-is-layout-flow\" style=\"flex-basis:66.66%\"><\/div>\n<\/div>\n<\/div><\/div><\/div>\n\n\n\n<div style=\"background-color:#39403f\" class=\"wp-block-genesis-blocks-gb-container gb-block-container\"><div class=\"gb-container-inside\"><div class=\"gb-container-content\"><\/div><\/div><\/div>\n\n\n\n<div style=\"background-color:#39403f\" class=\"wp-block-genesis-blocks-gb-container gb-block-container\"><div class=\"gb-container-inside\"><div class=\"gb-container-content\">\n<div class=\"wp-block-genesis-blocks-gb-columns p-t-50 p-b-50 global-wrapper row-fluid cta-wrapper gb-layout-columns-2 gb-2-col-wideleft gb-has-custom-background-color\" style=\"background-color:#39403f\"><div class=\"gb-layout-column-wrap gb-block-layout-column-gap-2 gb-is-responsive-column\">\n<div class=\"wp-block-genesis-blocks-gb-column gb-block-layout-column gb-is-vertically-aligned-center\"><div class=\"gb-block-layout-column-inner\">\n<h2 class=\"wp-block-heading has-white-color has-text-color\">livrer mieux<\/h2>\n<\/div><\/div>\n\n\n\n<div class=\"wp-block-genesis-blocks-gb-column gb-block-layout-column gb-is-vertically-aligned-center\"><div class=\"gb-block-layout-column-inner\" style=\"margin-top:5%;margin-bottom:5%\">\n<div class=\"wp-block-buttons is-content-justification-center is-layout-flex wp-container-core-buttons-is-layout-16018d1d wp-block-buttons-is-layout-flex\">\n<div class=\"wp-block-button primary-button gb-block-button\"><a class=\"wp-block-button__link has-text-color has-background has-custom-font-size wp-element-button\" href=\"\/fr\/get-started\/\" style=\"border-radius:0px;color:#ffffff;background-color:#3373dc;padding-top:10px;padding-right:1em;padding-bottom:10px;padding-left:1em;font-size:20px;line-height:1.2\">commencez<\/a><\/div>\n<\/div>\n<\/div><\/div>\n<\/div><\/div>\n<\/div><\/div><\/div>","protected":false},"excerpt":{"rendered":"<p>The time for more innovative delivery services has arrived. Personalized service, dedicated drivers, and a carbon free last mile. Let&#8217;s deliver better.<\/p>","protected":false},"author":2,"featured_media":725,"parent":0,"menu_order":0,"comment_status":"closed","ping_status":"closed","template":"templates\/full-width.php","meta":{"_genesis_block_theme_hide_title":true,"footnotes":""},"class_list":["post-54","page","type-page","status-publish","has-post-thumbnail","hentry","post","with-featured-image"],"yoast_head":"<!-- This site is optimized with the Yoast SEO plugin v27.4 - https:\/\/yoast.com\/product\/yoast-seo-wordpress\/ -->\n<title>for business | gofor<\/title>\n<meta name=\"description\" content=\"The time for more innovative delivery services has arrived. Personalized service, dedicated drivers, and a carbon free last mile.\" \/>\n<meta name=\"robots\" content=\"index, follow, max-snippet:-1, max-image-preview:large, max-video-preview:-1\" \/>\n<link rel=\"canonical\" href=\"https:\/\/deliverbetter.com\/fr\/business\/\" \/>\n<meta property=\"og:locale\" content=\"fr_FR\" \/>\n<meta property=\"og:type\" content=\"article\" \/>\n<meta property=\"og:title\" content=\"for business | gofor\" \/>\n<meta property=\"og:description\" content=\"The time for more innovative delivery services has arrived. Personalized service, dedicated drivers, and a carbon free last mile.\" \/>\n<meta property=\"og:url\" content=\"https:\/\/deliverbetter.com\/fr\/business\/\" \/>\n<meta property=\"og:site_name\" content=\"gofor\" \/>\n<meta property=\"article:modified_time\" content=\"2025-12-01T22:11:41+00:00\" \/>\n<meta property=\"og:image\" content=\"https:\/\/deliverbetter.com\/wp-content\/uploads\/2025\/11\/delivery-driver-005-e1763509102858.jpg\" \/>\n\t<meta property=\"og:image:width\" content=\"2500\" \/>\n\t<meta property=\"og:image:height\" content=\"1408\" \/>\n\t<meta property=\"og:image:type\" content=\"image\/jpeg\" \/>\n<meta name=\"twitter:card\" content=\"summary_large_image\" \/>\n<meta name=\"twitter:site\" content=\"@_deliverbetter\" \/>\n<meta name=\"twitter:label1\" content=\"Dur\u00e9e de lecture estim\u00e9e\" \/>\n\t<meta name=\"twitter:data1\" content=\"4 minutes\" \/>\n<script type=\"application\/ld+json\" class=\"yoast-schema-graph\">{\"@context\":\"https:\\\/\\\/schema.org\",\"@graph\":[{\"@type\":\"WebPage\",\"@id\":\"https:\\\/\\\/deliverbetter.com\\\/business\\\/\",\"url\":\"https:\\\/\\\/deliverbetter.com\\\/business\\\/\",\"name\":\"for business | gofor\",\"isPartOf\":{\"@id\":\"https:\\\/\\\/deliverbetter.com\\\/#website\"},\"primaryImageOfPage\":{\"@id\":\"https:\\\/\\\/deliverbetter.com\\\/business\\\/#primaryimage\"},\"image\":{\"@id\":\"https:\\\/\\\/deliverbetter.com\\\/business\\\/#primaryimage\"},\"thumbnailUrl\":\"https:\\\/\\\/deliverbetter.com\\\/wp-content\\\/uploads\\\/2025\\\/11\\\/delivery-driver-005-e1763509102858.jpg\",\"datePublished\":\"2023-03-31T19:15:36+00:00\",\"dateModified\":\"2025-12-01T22:11:41+00:00\",\"description\":\"The time for more innovative delivery services has arrived. Personalized service, dedicated drivers, and a carbon free last mile.\",\"breadcrumb\":{\"@id\":\"https:\\\/\\\/deliverbetter.com\\\/business\\\/#breadcrumb\"},\"inLanguage\":\"fr-FR\",\"potentialAction\":[{\"@type\":\"ReadAction\",\"target\":[\"https:\\\/\\\/deliverbetter.com\\\/business\\\/\"]}]},{\"@type\":\"ImageObject\",\"inLanguage\":\"fr-FR\",\"@id\":\"https:\\\/\\\/deliverbetter.com\\\/business\\\/#primaryimage\",\"url\":\"https:\\\/\\\/deliverbetter.com\\\/wp-content\\\/uploads\\\/2025\\\/11\\\/delivery-driver-005-e1763509102858.jpg\",\"contentUrl\":\"https:\\\/\\\/deliverbetter.com\\\/wp-content\\\/uploads\\\/2025\\\/11\\\/delivery-driver-005-e1763509102858.jpg\",\"width\":2500,\"height\":1408},{\"@type\":\"BreadcrumbList\",\"@id\":\"https:\\\/\\\/deliverbetter.com\\\/business\\\/#breadcrumb\",\"itemListElement\":[{\"@type\":\"ListItem\",\"position\":1,\"name\":\"Home\",\"item\":\"https:\\\/\\\/deliverbetter.com\\\/\"},{\"@type\":\"ListItem\",\"position\":2,\"name\":\"for business | gofor\"}]},{\"@type\":\"WebSite\",\"@id\":\"https:\\\/\\\/deliverbetter.com\\\/#website\",\"url\":\"https:\\\/\\\/deliverbetter.com\\\/\",\"name\":\"gofor\",\"description\":\"deliver better\",\"publisher\":{\"@id\":\"https:\\\/\\\/deliverbetter.com\\\/#organization\"},\"potentialAction\":[{\"@type\":\"SearchAction\",\"target\":{\"@type\":\"EntryPoint\",\"urlTemplate\":\"https:\\\/\\\/deliverbetter.com\\\/?s={search_term_string}\"},\"query-input\":{\"@type\":\"PropertyValueSpecification\",\"valueRequired\":true,\"valueName\":\"search_term_string\"}}],\"inLanguage\":\"fr-FR\"},{\"@type\":\"Organization\",\"@id\":\"https:\\\/\\\/deliverbetter.com\\\/#organization\",\"name\":\"gofor\",\"url\":\"https:\\\/\\\/deliverbetter.com\\\/\",\"logo\":{\"@type\":\"ImageObject\",\"inLanguage\":\"fr-FR\",\"@id\":\"https:\\\/\\\/deliverbetter.com\\\/#\\\/schema\\\/logo\\\/image\\\/\",\"url\":\"https:\\\/\\\/deliverbetter.com\\\/wp-content\\\/uploads\\\/2023\\\/04\\\/GoFor_PrimaryLogo_01_Colors-2.png\",\"contentUrl\":\"https:\\\/\\\/deliverbetter.com\\\/wp-content\\\/uploads\\\/2023\\\/04\\\/GoFor_PrimaryLogo_01_Colors-2.png\",\"width\":3000,\"height\":888,\"caption\":\"gofor\"},\"image\":{\"@id\":\"https:\\\/\\\/deliverbetter.com\\\/#\\\/schema\\\/logo\\\/image\\\/\"},\"sameAs\":[\"https:\\\/\\\/x.com\\\/_deliverbetter\",\"https:\\\/\\\/www.linkedin.com\\\/company\\\/gofordeliverbetter\\\/\"]}]}<\/script>\n<!-- \/ Yoast SEO plugin. -->","yoast_head_json":{"title":"for business | gofor","description":"The time for more innovative delivery services has arrived. Personalized service, dedicated drivers, and a carbon free last mile.","robots":{"index":"index","follow":"follow","max-snippet":"max-snippet:-1","max-image-preview":"max-image-preview:large","max-video-preview":"max-video-preview:-1"},"canonical":"https:\/\/deliverbetter.com\/fr\/business\/","og_locale":"fr_FR","og_type":"article","og_title":"for business | gofor","og_description":"The time for more innovative delivery services has arrived. Personalized service, dedicated drivers, and a carbon free last mile.","og_url":"https:\/\/deliverbetter.com\/fr\/business\/","og_site_name":"gofor","article_modified_time":"2025-12-01T22:11:41+00:00","og_image":[{"width":2500,"height":1408,"url":"https:\/\/deliverbetter.com\/wp-content\/uploads\/2025\/11\/delivery-driver-005-e1763509102858.jpg","type":"image\/jpeg"}],"twitter_card":"summary_large_image","twitter_site":"@_deliverbetter","twitter_misc":{"Dur\u00e9e de lecture estim\u00e9e":"4 minutes"},"schema":{"@context":"https:\/\/schema.org","@graph":[{"@type":"WebPage","@id":"https:\/\/deliverbetter.com\/business\/","url":"https:\/\/deliverbetter.com\/business\/","name":"for business | gofor","isPartOf":{"@id":"https:\/\/deliverbetter.com\/#website"},"primaryImageOfPage":{"@id":"https:\/\/deliverbetter.com\/business\/#primaryimage"},"image":{"@id":"https:\/\/deliverbetter.com\/business\/#primaryimage"},"thumbnailUrl":"https:\/\/deliverbetter.com\/wp-content\/uploads\/2025\/11\/delivery-driver-005-e1763509102858.jpg","datePublished":"2023-03-31T19:15:36+00:00","dateModified":"2025-12-01T22:11:41+00:00","description":"The time for more innovative delivery services has arrived. Personalized service, dedicated drivers, and a carbon free last mile.","breadcrumb":{"@id":"https:\/\/deliverbetter.com\/business\/#breadcrumb"},"inLanguage":"fr-FR","potentialAction":[{"@type":"ReadAction","target":["https:\/\/deliverbetter.com\/business\/"]}]},{"@type":"ImageObject","inLanguage":"fr-FR","@id":"https:\/\/deliverbetter.com\/business\/#primaryimage","url":"https:\/\/deliverbetter.com\/wp-content\/uploads\/2025\/11\/delivery-driver-005-e1763509102858.jpg","contentUrl":"https:\/\/deliverbetter.com\/wp-content\/uploads\/2025\/11\/delivery-driver-005-e1763509102858.jpg","width":2500,"height":1408},{"@type":"BreadcrumbList","@id":"https:\/\/deliverbetter.com\/business\/#breadcrumb","itemListElement":[{"@type":"ListItem","position":1,"name":"Home","item":"https:\/\/deliverbetter.com\/"},{"@type":"ListItem","position":2,"name":"for business | gofor"}]},{"@type":"WebSite","@id":"https:\/\/deliverbetter.com\/#website","url":"https:\/\/deliverbetter.com\/","name":"gofor","description":"livrer mieux","publisher":{"@id":"https:\/\/deliverbetter.com\/#organization"},"potentialAction":[{"@type":"SearchAction","target":{"@type":"EntryPoint","urlTemplate":"https:\/\/deliverbetter.com\/?s={search_term_string}"},"query-input":{"@type":"PropertyValueSpecification","valueRequired":true,"valueName":"search_term_string"}}],"inLanguage":"fr-FR"},{"@type":"Organization","@id":"https:\/\/deliverbetter.com\/#organization","name":"gofor","url":"https:\/\/deliverbetter.com\/","logo":{"@type":"ImageObject","inLanguage":"fr-FR","@id":"https:\/\/deliverbetter.com\/#\/schema\/logo\/image\/","url":"https:\/\/deliverbetter.com\/wp-content\/uploads\/2023\/04\/GoFor_PrimaryLogo_01_Colors-2.png","contentUrl":"https:\/\/deliverbetter.com\/wp-content\/uploads\/2023\/04\/GoFor_PrimaryLogo_01_Colors-2.png","width":3000,"height":888,"caption":"gofor"},"image":{"@id":"https:\/\/deliverbetter.com\/#\/schema\/logo\/image\/"},"sameAs":["https:\/\/x.com\/_deliverbetter","https:\/\/www.linkedin.com\/company\/gofordeliverbetter\/"]}]}},"featured_image_src":"https:\/\/deliverbetter.com\/wp-content\/uploads\/2025\/11\/delivery-driver-005-e1763509102858-600x400.jpg","featured_image_src_square":"https:\/\/deliverbetter.com\/wp-content\/uploads\/2025\/11\/delivery-driver-005-e1763509102858-600x600.jpg","_links":{"self":[{"href":"https:\/\/deliverbetter.com\/fr\/wp-json\/wp\/v2\/pages\/54","targetHints":{"allow":["GET"]}}],"collection":[{"href":"https:\/\/deliverbetter.com\/fr\/wp-json\/wp\/v2\/pages"}],"about":[{"href":"https:\/\/deliverbetter.com\/fr\/wp-json\/wp\/v2\/types\/page"}],"author":[{"embeddable":true,"href":"https:\/\/deliverbetter.com\/fr\/wp-json\/wp\/v2\/users\/2"}],"replies":[{"embeddable":true,"href":"https:\/\/deliverbetter.com\/fr\/wp-json\/wp\/v2\/comments?post=54"}],"version-history":[{"count":0,"href":"https:\/\/deliverbetter.com\/fr\/wp-json\/wp\/v2\/pages\/54\/revisions"}],"wp:featuredmedia":[{"embeddable":true,"href":"https:\/\/deliverbetter.com\/fr\/wp-json\/wp\/v2\/media\/725"}],"wp:attachment":[{"href":"https:\/\/deliverbetter.com\/fr\/wp-json\/wp\/v2\/media?parent=54"}],"curies":[{"name":"wp","href":"https:\/\/api.w.org\/{rel}","templated":true}]}}