{"id":3,"date":"2023-03-28T13:31:08","date_gmt":"2023-03-28T13:31:08","guid":{"rendered":"https:\/\/deliverbetter.com\/?page_id=3"},"modified":"2023-05-02T01:24:40","modified_gmt":"2023-05-02T01:24:40","slug":"privacypolicy","status":"publish","type":"page","link":"https:\/\/deliverbetter.com\/fr\/privacypolicy\/","title":{"rendered":"privacy policy | gofor"},"content":{"rendered":"<h1 class=\"has-text-color wp-block-heading\" style=\"color:#ff2c58\">politique de confidentialit\u00e9<\/h1>\n\n\n\n<p>Date de prise d'effet: November 19, 2018<\/p>\n\n\n\n<p>GoFor Industries (\"nous\", \"notre\", \"nos\") exploite le site web&nbsp;<a href=\"https:\/\/www.termsfeed.com\/privacy-policy\/www.gofor.io\" rel=\"noreferrer noopener\" target=\"_blank\">www.gofor.io<\/a>&nbsp;et l'application mobile GoFor industries (ci-apr\u00e8s d\u00e9sign\u00e9s par le terme \"Service\").<\/p>\n\n\n\n<p>Cette page vous explique nos politiques en mati\u00e8re de collecte, d'utilisation et de communication des donn\u00e9es \u00e0 caract\u00e8re personnel lorsque vous utilisez notre Service ainsi que les choix qui s'offrent \u00e0 vous en ce qui concerne ces donn\u00e9es.<\/p>\n\n\n\n<p>Nous utilisons vos donn\u00e9es pour fournir et am\u00e9liorer le Service. En utilisant le Service, vous consentez \u00e0 la collecte et \u00e0 l'utilisation d'informations conform\u00e9ment \u00e0 la pr\u00e9sente politique. Sauf d\u00e9finition contraire dans la pr\u00e9sente Politique de Confidentialit\u00e9, les termes utilis\u00e9s dans la pr\u00e9sente Politique de Confidentialit\u00e9 ont la m\u00eame signification que dans nos Conditions G\u00e9n\u00e9rales.<\/p>\n\n\n\n<h2 class=\"wp-block-heading\">d\u00e9finitions<\/h2>\n\n\n\n<ul class=\"wp-block-list\">\n<li><strong>Service<\/strong><br>Par Service on entend le site web&nbsp;<a rel=\"noreferrer noopener\" href=\"https:\/\/www.termsfeed.com\/privacy-policy\/www.gofor.io\" target=\"_blank\">www.gofor.io<\/a>&nbsp;et l'application mobile GoFor industries exploit\u00e9s par GoFor Industries<\/li>\n\n\n\n<li><strong>Donn\u00e9es \u00e0 caract\u00e8re personnel<\/strong><br>Donn\u00e9es \u00e0 Caract\u00e8re Personnel d\u00e9signe des donn\u00e9es concernant un individu vivant qui peut \u00eatre identifi\u00e9 \u00e0 partir de ces donn\u00e9es (ou \u00e0 partir de ces donn\u00e9es et d'autres informations en notre possession ou susceptibles d'entrer en notre possession).<\/li>\n\n\n\n<li><strong>Donn\u00e9es d'Utilisation<\/strong><br>Les Donn\u00e9es d'Utilisation sont recueillies automatiquement et sont g\u00e9n\u00e9r\u00e9es soit par l'utilisation du Service, soit par l'infrastructure du Service proprement dite (par exemple, dur\u00e9e de consultation d'une page).<\/li>\n\n\n\n<li><strong>Cookies<\/strong><br>Les cookies sont de petits fichiers enregistr\u00e9s sur votre dispositif (ordinateur ou dispositif mobile).<\/li>\n<\/ul>\n\n\n\n<h2 class=\"wp-block-heading\">collecte et utilisation des donn\u00e9es<\/h2>\n\n\n\n<p>Nous recueillons plusieurs types de donn\u00e9es \u00e0 diff\u00e9rentes fins en vue de vous fournir notre Service et de l'am\u00e9liorer.<\/p>\n\n\n\n<h3 class=\"wp-block-heading\">types de donn\u00e9es recueillies<\/h3>\n\n\n\n<h4 class=\"wp-block-heading\">donn\u00e9es \u00e0 caract\u00e8re personnel<\/h4>\n\n\n\n<p>Lorsque vous utilisez notre Service, il est possible que nous vous demandions de nous fournir certaines donn\u00e9es personnelles nominatives qui peuvent servir \u00e0 vous contacter ou \u00e0 vous identifier (\"Donn\u00e9es \u00e0 Caract\u00e8re Personnel\"). Les donn\u00e9es personnelles nominatives peuvent comprendre, mais de mani\u00e8re non limitative:<\/p>\n\n\n\n<ul class=\"wp-block-list\">\n<li>Adresse e-mail<\/li>\n\n\n\n<li>Pr\u00e9nom et nom de famille<\/li>\n\n\n\n<li>Num\u00e9ro de t\u00e9l\u00e9phone<\/li>\n\n\n\n<li>Adresse, ville, province, \u00e9tat, code postal<\/li>\n\n\n\n<li>Cookies et Donn\u00e9es d'Utilisation<\/li>\n<\/ul>\n\n\n\n<p>Nous pouvons utiliser vos Donn\u00e9es \u00e0 Caract\u00e8re Personnel pour vous envoyer des bulletins d'information, des communications commerciales ou des promotions et d'autres informations susceptibles de vous int\u00e9resser. Vous pouvez choisir de ne recevoir aucune communication de notre part ou de ne recevoir que certaines communications en cliquant sur le lien de d\u00e9sabonnement ou en suivant les instructions qui figurent dans chacun des e-mails que nous envoyons.<\/p>\n\n\n\n<h4 class=\"wp-block-heading\">donn\u00e9es d'utilisation<\/h4>\n\n\n\n<p>Nous pouvons \u00e9galement recueillir les informations que votre navigateur envoie chaque fois que vous consultez notre Service ou que vous acc\u00e9dez au Service par le biais d'un dispositif mobile (\"Donn\u00e9es d'Utilisation\"). Ces Donn\u00e9es d'Utilisation peuvent comprendre des informations telles que l'adresse de protocole Internet (c.-\u00e0-d. l'adresse IP) de votre ordinateur, le type de navigateur, la version du navigateur, les pages de notre Service que vous consultez, la date et l'heure de votre visite, le temps pass\u00e9 sur ces pages, les identifiants uniques de dispositifs ainsi que d'autres donn\u00e9es de diagnostic.\n\nLorsque vous acc\u00e9dez au Service au moyen d'un dispositif mobile, ces Donn\u00e9es d'Utilisation peuvent comprendre des informations telles que le type de dispositif mobile que vous utilisez, l'identifiant unique de votre dispositif mobile, l'adresse IP de votre dispositif mobile, votre syst\u00e8me d'exploitation mobile, le type de navigateur Internet mobile que vous utilisez, les identifiants uniques de dispositifs ainsi que d'autres donn\u00e9es de diagnostic.<\/p>\n\n\n\n<h4 class=\"wp-block-heading\">donn\u00e9es de localisation<\/h4>\n\n\n\n<p>Nous pouvons utiliser et stocker des donn\u00e9es concernant votre position g\u00e9ographique si vous nous y autorisez (\"Donn\u00e9es de Localisation\"). Nous utilisons ces donn\u00e9es pour fournir les fonctionnalit\u00e9s de notre Service et pour am\u00e9liorer et personnaliser notre Service.\nLorsque vous utilisez notre Service, vous pouvez activer ou d\u00e9sactiver les services de localisation \u00e0 tout moment en utilisant les param\u00e8tres de votre dispositif.<\/p>\n\n\n\n<h4 class=\"wp-block-heading\">suivi et donn\u00e9es de cookies<\/h4>\n\n\n\n<p>Nous avons recours \u00e0 des cookies et \u00e0 d'autres technologies de suivi similaires pour effectuer un suivi des activit\u00e9s effectu\u00e9es dans notre Service, et nous conservons certaines informations.\n\nLes cookies sont des fichiers \u00e0 faible volume de donn\u00e9es pouvant comporter un identifiant unique anonyme. Les cookies sont envoy\u00e9s \u00e0 votre navigateur depuis un site web et sont stock\u00e9s sur votre dispositif. D'autres technologies de suivi telles que les pixels, les balises et les scripts sont \u00e9galement utilis\u00e9es pour recueillir et suivre des informations et afin d'am\u00e9liorer et d'analyser notre Service.\n\nVous pouvez demander \u00e0 votre navigateur de refuser tous les cookies ou de vous avertir lorsqu'un cookie est envoy\u00e9. Toutefois, si vous n'acceptez pas les cookies, il se peut que vous ne puissiez pas utiliser certains \u00e9l\u00e9ments de notre Service.\n\nExemples de cookies que nous utilisons :<\/p>\n\n\n\n<ul class=\"wp-block-list\">\n<li><strong>Cookies de Session.<\/strong>&nbsp;Nous utilisons des Cookies de Session pour faire fonctionner notre Service.<\/li>\n\n\n\n<li><strong>Cookies de Pr\u00e9f\u00e9rences.<\/strong>&nbsp;Nous utilisons des Cookies de Pr\u00e9f\u00e9rences pour m\u00e9moriser vos pr\u00e9f\u00e9rences et vos diff\u00e9rents param\u00e8tres.<\/li>\n\n\n\n<li><strong>Cookies de S\u00e9curit\u00e9.<\/strong>&nbsp;Nous utilisons des Cookies de S\u00e9curit\u00e9 pour des raisons de s\u00e9curit\u00e9.<\/li>\n<\/ul>\n\n\n\n<h2 class=\"wp-block-heading\">utilisation des donn\u00e9es<\/h2>\n\n\n\n<p>GoFor Industries utilise les donn\u00e9es recueillies \u00e0 des fins diverses:<\/p>\n\n\n\n<ul class=\"wp-block-list\">\n<li>Pour fournir et assurer notre Service<\/li>\n\n\n\n<li>Pour vous faire part des changements apport\u00e9s \u00e0 notre Service<\/li>\n\n\n\n<li>Pour vous permettre d'utiliser les fonctions interactives de notre Service quand vous le souhaitez<\/li>\n\n\n\n<li>Pour assurer l'assistance client<\/li>\n\n\n\n<li>Pour recueillir des donn\u00e9es pr\u00e9cieuses ou d'analyses qui nous permettront d'am\u00e9liorer notre Service<\/li>\n\n\n\n<li>Pour contr\u00f4ler l'utilisation de notre Service<\/li>\n\n\n\n<li>Pour d\u00e9tecter, pr\u00e9venir et r\u00e9gler les probl\u00e8mes techniques<\/li>\n\n\n\n<li>Pour vous faire part de l'actualit\u00e9, d'offres sp\u00e9ciales et d'informations d'ordre g\u00e9n\u00e9ral concernant d'autres marchandises, services et \u00e9v\u00e9nements que nous proposons et qui sont similaires \u00e0 ceux que vous avez d\u00e9j\u00e0 achet\u00e9s ou au sujet desquels vous vous \u00eates d\u00e9j\u00e0 renseign\u00e9, sauf si vous avez d\u00e9j\u00e0 indiqu\u00e9 que vous ne voulez pas recevoir d'informations de cette nature.<\/li>\n<\/ul>\n\n\n\n<h2 class=\"wp-block-heading\">transfert des donn\u00e9es<\/h2>\n\n\n\n<p>Les informations vous concernant, notamment vos Donn\u00e9es \u00e0 Caract\u00e8re Personnel, peuvent \u00eatre transf\u00e9r\u00e9es de votre r\u00e9gion, province, pays, ou autre division territoriale vers des ordinateurs \u2013 et stock\u00e9es sur ces derniers \u2013 situ\u00e9s \u00e0 un endroit o\u00f9 la l\u00e9gislation relative \u00e0 la protection des donn\u00e9es diff\u00e8re de celle du territoire o\u00f9 vous r\u00e9sidez.<\/p>\n\n\n\n<p>Si vous r\u00e9sidez hors de\/du et que vous choisissez de nous communiquer des informations, sachez que nous transf\u00e9rons les donn\u00e9es, y compris les Donn\u00e9es \u00e0 Caract\u00e8re Personnel, vers le\/la et que nous les y traitons.<\/p>\n\n\n\n<p>En acceptant la pr\u00e9sente Politique de Confidentialit\u00e9 puis en soumettant ces informations, vous consentez \u00e0 ce transfert.<\/p>\n\n\n\n<p>GoFor Industries prendra toutes les mesures raisonnablement n\u00e9cessaires pour faire en sorte que vos donn\u00e9es soient trait\u00e9es de mani\u00e8re s\u00e9curis\u00e9e et conform\u00e9ment \u00e0 la pr\u00e9sente Politique de Confidentialit\u00e9 et vos Donn\u00e9es \u00e0 Caract\u00e8re Personnel ne seront transf\u00e9r\u00e9es vers aucune organisation ni aucun pays \u00e0 moins que des contr\u00f4les ad\u00e9quats ne soient en place, notamment en ce qui concerne la s\u00e9curit\u00e9 de vos donn\u00e9es et d'autres donn\u00e9es personnelles.<\/p>\n\n\n\n<h2 class=\"wp-block-heading\">communication de donn\u00e9es<\/h2>\n\n\n\n<h3 class=\"wp-block-heading\">op\u00e9ration commerciale<\/h3>\n\n\n\n<p>Si GoFor Industries est impliqu\u00e9e dans une fusion, une acquisition ou une vente d'actifs, il se peut que vos Donn\u00e9es \u00e0 Caract\u00e8re Personnel soient transf\u00e9r\u00e9es. Avant que vos Donn\u00e9es \u00e0 Caract\u00e8re Personnel ne soient transf\u00e9r\u00e9es et ne soient soumises \u00e0 une Politique de Confidentialit\u00e9 diff\u00e9rente, nous vous en aviserons.<\/p>\n\n\n\n<h3 class=\"wp-block-heading\">communication de donn\u00e9es aux forces de l'ordre<\/h3>\n\n\n\n<p>Dans certaines circonstances, GoFor Industries peut \u00eatre tenue de communiquer vos Donn\u00e9es \u00e0 Caract\u00e8re Personnel si la loi l'exige ou en r\u00e9ponse \u00e0 des demandes valides \u00e9manant de pouvoirs publics (par ex. un tribunal ou un organisme gouvernemental).<\/p>\n\n\n\n<h3 class=\"wp-block-heading\">exigences l\u00e9gales<\/h3>\n\n\n\n<p>GoFor Industries peut communiquer vos Donn\u00e9es \u00e0 Caract\u00e8re Personnel si elle estime de bonne foi que cela est n\u00e9cessaire pour:<\/p>\n\n\n\n<ul class=\"wp-block-list\">\n<li>S'acquitter d'une obligation l\u00e9gale<\/li>\n\n\n\n<li>Prot\u00e9ger et d\u00e9fendre les droits ou les biens de GoFor Industries<\/li>\n\n\n\n<li>Pr\u00e9venir d'\u00e9ventuels actes r\u00e9pr\u00e9hensibles ou enqu\u00eater sur de tels actes dans le cadre du Service<\/li>\n\n\n\n<li>Assurer la s\u00e9curit\u00e9 personnelle des utilisateurs du Service ou du public<\/li>\n\n\n\n<li>Se prot\u00e9ger contre la responsabilit\u00e9 civile<\/li>\n<\/ul>\n\n\n\n<h2 class=\"wp-block-heading\">s\u00e9curit\u00e9 des donn\u00e9es<\/h2>\n\n\n\n<p>La s\u00e9curit\u00e9 de vos donn\u00e9es nous tient \u00e0 c\u0153ur. Toutefois, n'oubliez pas qu'aucune m\u00e9thode de transmission de donn\u00e9es par Internet ou m\u00e9thode de stockage \u00e9lectronique n'est s\u00fbre \u00e0 100 %. Bien que nous nous efforcions d'utiliser des m\u00e9thodes commercialement acceptables pour prot\u00e9ger vos Donn\u00e9es \u00e0 Caract\u00e8re Personnel, nous ne pouvons pas leur garantir une s\u00e9curit\u00e9 absolue.<\/p>\n\n\n\n<h2 class=\"wp-block-heading\">signaux \"ne pas me suivre\"<\/h2>\n\n\n\n<p>Nous ne prenons pas en charge \"Ne pas me suivre\" (\"NPS\"). \"Ne pas me suivre\" est une pr\u00e9f\u00e9rence que vous pouvez d\u00e9finir dans votre navigateur web pour indiquer aux sites web que vous ne voulez pas \u00eatre suivi.<\/p>\n\n\n\n<p>Vous pouvez activer ou d\u00e9sactiver \"Ne pas me suivre\" en vous rendant sur la page Pr\u00e9f\u00e9rences ou Param\u00e8tres de votre navigateur web.<\/p>\n\n\n\n<h2 class=\"wp-block-heading\">prestataires de services<\/h2>\n\n\n\n<p>Nous pouvons faire appel \u00e0 des soci\u00e9t\u00e9s tierces et \u00e0 des tierces personnes pour faciliter la prestation de notre Service (\"Prestataires de Services\"), assurer le Service en notre nom, assurer des services li\u00e9s au Service ou nous aider \u00e0 analyser la fa\u00e7on dont notre Service est utilis\u00e9. Ces tiers n'ont acc\u00e8s \u00e0 vos Donn\u00e9es \u00e0 Caract\u00e8re Personnel que pour effectuer ces t\u00e2ches en notre nom et il leur est interdit de les communiquer ou de les utiliser \u00e0 quelle qu'autre fin.<\/p>\n\n\n\n<h3 class=\"wp-block-heading\">analyses<\/h3>\n\n\n\n<p>Nous pouvons faire appel \u00e0 des Prestataires de Services tiers pour surveiller et analyser l'utilisation de notre Service.<\/p>\n\n\n\n<ul class=\"wp-block-list\">\n<li><strong>Google Analytics<\/strong><br>Google Analytics est un service d'analyse web propos\u00e9 par Google qui assure le suivi du trafic d'un site web et en rend compte. Google utilise les donn\u00e9es recueillies pour suivre et surveiller l'utilisation de notre Service. Ces donn\u00e9es sont partag\u00e9es avec d'autres services Google. Google peut utiliser les donn\u00e9es recueillies pour contextualiser et personnaliser les annonces de son propre r\u00e9seau publicitaire. Vous pouvez emp\u00eacher que vos activit\u00e9s dans le cadre du Service ne soient mises \u00e0 la disposition de Google Analytics en installant le plug-in pour navigateur Analytics Opt out browser add-on de Google Analytics. Ce plug-in emp\u00eache le code JavaScript de Google Analytics JavaScript (ga.js, analytics.js et dc.js) de partager les informations concernant les activit\u00e9s li\u00e9es aux visites avec Google Analytics. Vous pouvez refuser certaines fonctionnalit\u00e9s de Google Analytics en utilisant les param\u00e8tres de votre dispositif mobile, par exemple ses param\u00e8tres publicitaires, ou en suivant les instructions qui figurent dans la politique de confidentialit\u00e9 de Google: https:\/\/policies.google.com\/privacy&nbsp;<a rel=\"noreferrer noopener\" href=\"https:\/\/policies.google.com\/privacy\" target=\"_blank\">https:\/\/policies.google.com\/privacy<\/a>Pour plus de pr\u00e9cisions sur les pratiques de confidentialit\u00e9 de Google, merci de consulter la page web Protection de la vie priv\u00e9e et conditions de Google:&nbsp;<a rel=\"noreferrer noopener\" href=\"https:\/\/policies.google.com\/privacy\" target=\"_blank\">https:\/\/policies.google.com\/privacy<\/a><\/li>\n<\/ul>\n\n\n\n<h3 class=\"wp-block-heading\">paiements<\/h3>\n\n\n\n<p>Il se peut que nous proposions des produits et\/ ou services payants dans le cadre du Service. En pareil cas, nous ferons appel \u00e0 des services de tiers pour le traitement des paiements (c.-\u00e0-d. \u00e0 des soci\u00e9t\u00e9s de traitement des paiements).<\/p>\n\n\n\n<p>Nous ne recueillerons pas et ne conserverons pas les donn\u00e9es de votre carte de paiement. Ces donn\u00e9es sont directement communiqu\u00e9es aux soci\u00e9t\u00e9s tierces qui traitent les paiements, lesquelles soci\u00e9t\u00e9s utilisent vos donn\u00e9es personnelles conform\u00e9ment \u00e0 leur politique de confidentialit\u00e9. Ces soci\u00e9t\u00e9s de traitement des paiements respectent la norme PCI-DSS g\u00e9r\u00e9e par le PCI Security Standards Council, qui est le fruit d'un effort concert\u00e9 entre des marques telles que Visa, MasterCard, American Express et Discover. Les exigences PCI-DSS aident \u00e0 garantir un traitement s\u00e9curis\u00e9 des informations de paiement.<\/p>\n\n\n\n<p>Les soci\u00e9t\u00e9s de traitement de paiements avec lesquelles nous travaillons sont::<\/p>\n\n\n\n<ul class=\"wp-block-list\">\n<li><strong>Stripe<\/strong><br>Leur politique de confidentialit\u00e9 est disponible sur le site&nbsp;<a rel=\"noreferrer noopener\" href=\"https:\/\/stripe.com\/us\/privacy\" target=\"_blank\">https:\/\/stripe.com\/us\/privacy<\/a><\/li>\n<\/ul>\n\n\n\n<h2 class=\"wp-block-heading\">liens pointant vers d'autres sites<\/h2>\n\n\n\n<p>Il se peut que notre Service contienne des liens pointant vers d'autres sites que nous n'exploitons pas. Si vous cliquez sur un lien de tiers, vous serez redirig\u00e9 vers le site de ce tiers. Nous vous recommandons vivement d'examiner la politique de confidentialit\u00e9 de chacun des sites que vous consultez.\n\nNous n'avons aucun contr\u00f4le sur le contenu, les politiques ou pratiques de confidentialit\u00e9 des sites ou services de tiers et d\u00e9clinons toute responsabilit\u00e9 en ce qui les concerne.<\/p>\n\n\n\n<h2 class=\"wp-block-heading\">vie priv\u00e9e des enfants<\/h2>\n\n\n\n<p>Notre Service ne s'adresse pas aux personnes de moins de 18 ans (\"Enfants\").<\/p>\n\n\n\n<p>Nous ne recueillons pas sciemment de donn\u00e9es personnelles nominatives aupr\u00e8s de personnes de moins de 18 ans. Si vous \u00eates un parent ou un tuteur et que vous savez que votre Enfant nous a communiqu\u00e9 des Donn\u00e9es \u00e0 Caract\u00e8re Personnel, veuillez nous contacter. Si nous apprenons que nous avons recueilli des Donn\u00e9es \u00e0 Caract\u00e8re Personnel aupr\u00e8s d'enfants sans v\u00e9rifier s'il y a consentement parental, nous faisons le n\u00e9cessaire pour supprimer ces informations de nos serveurs.<\/p>\n\n\n\n<h2 class=\"wp-block-heading\">modifications de la pr\u00e9sente politique de confidentialit\u00e9<\/h2>\n\n\n\n<p>Nous nous r\u00e9servons le droit d'actualiser notre Politique de Confidentialit\u00e9 de temps \u00e0 autre. Nous vous informerons de toute modification en publiant la nouvelle Politique de Confidentialit\u00e9 sur cette page.\n\nAvant que la modification ne prenne effet, nous vous en informerons par e-mail et\/ ou en pla\u00e7ant un avis bien en vue dans notre Service et nous actualiserons la \"date de prise d'effet\" qui figure en haut de la pr\u00e9sente Politique de Confidentialit\u00e9.<\/p>\n\n\n\n<p>Nous vous conseillons de consulter la pr\u00e9sente Politique de Confidentialit\u00e9 p\u00e9riodiquement pour prendre connaissance de toute modification. Les modifications apport\u00e9es \u00e0 la pr\u00e9sente Politique de Confidentialit\u00e9 prennent effet lorsqu'elles sont publi\u00e9es sur cette page.<\/p>\n\n\n\n<h2 class=\"wp-block-heading\">contactez-nous<\/h2>\n\n\n\n<p>Pour toute question relative \u00e0 la pr\u00e9sente Politique de Confidentialit\u00e9, veuillez nous contacter par courrier \u00e9lectronique:&nbsp;<a href=\"mailto:Goforprivacy@deliverbetter.com\">goforprivacy@deliverbetter.com.<\/a><\/p>","protected":false},"excerpt":{"rendered":"<p>Learn how gofor uses and collects your data in our privacy policy.<\/p>","protected":false},"author":1,"featured_media":0,"parent":0,"menu_order":0,"comment_status":"closed","ping_status":"closed","template":"","meta":{"_genesis_block_theme_hide_title":true,"footnotes":""},"class_list":["post-3","page","type-page","status-publish","hentry","post","without-featured-image"],"yoast_head":"<!-- This site is optimized with the Yoast SEO plugin v27.4 - https:\/\/yoast.com\/product\/yoast-seo-wordpress\/ -->\n<title>privacy policy | gofor - gofor<\/title>\n<meta name=\"robots\" content=\"index, follow, max-snippet:-1, max-image-preview:large, max-video-preview:-1\" \/>\n<link rel=\"canonical\" href=\"https:\/\/deliverbetter.com\/fr\/privacypolicy\/\" \/>\n<meta property=\"og:locale\" content=\"fr_FR\" \/>\n<meta property=\"og:type\" content=\"article\" \/>\n<meta property=\"og:title\" content=\"privacy policy | gofor - gofor\" \/>\n<meta property=\"og:description\" content=\"Learn how gofor uses and collects your data in our privacy policy.\" \/>\n<meta property=\"og:url\" content=\"https:\/\/deliverbetter.com\/fr\/privacypolicy\/\" \/>\n<meta property=\"og:site_name\" content=\"gofor\" \/>\n<meta property=\"article:modified_time\" content=\"2023-05-02T01:24:40+00:00\" \/>\n<meta name=\"twitter:card\" content=\"summary_large_image\" \/>\n<meta name=\"twitter:site\" content=\"@_deliverbetter\" \/>\n<meta name=\"twitter:label1\" content=\"Dur\u00e9e de lecture estim\u00e9e\" \/>\n\t<meta name=\"twitter:data1\" content=\"9 minutes\" \/>\n<script type=\"application\/ld+json\" class=\"yoast-schema-graph\">{\"@context\":\"https:\\\/\\\/schema.org\",\"@graph\":[{\"@type\":\"WebPage\",\"@id\":\"https:\\\/\\\/deliverbetter.com\\\/privacypolicy\\\/\",\"url\":\"https:\\\/\\\/deliverbetter.com\\\/privacypolicy\\\/\",\"name\":\"privacy policy | gofor - gofor\",\"isPartOf\":{\"@id\":\"https:\\\/\\\/deliverbetter.com\\\/#website\"},\"datePublished\":\"2023-03-28T13:31:08+00:00\",\"dateModified\":\"2023-05-02T01:24:40+00:00\",\"breadcrumb\":{\"@id\":\"https:\\\/\\\/deliverbetter.com\\\/privacypolicy\\\/#breadcrumb\"},\"inLanguage\":\"fr-FR\",\"potentialAction\":[{\"@type\":\"ReadAction\",\"target\":[\"https:\\\/\\\/deliverbetter.com\\\/privacypolicy\\\/\"]}]},{\"@type\":\"BreadcrumbList\",\"@id\":\"https:\\\/\\\/deliverbetter.com\\\/privacypolicy\\\/#breadcrumb\",\"itemListElement\":[{\"@type\":\"ListItem\",\"position\":1,\"name\":\"Home\",\"item\":\"https:\\\/\\\/deliverbetter.com\\\/\"},{\"@type\":\"ListItem\",\"position\":2,\"name\":\"privacy policy | gofor\"}]},{\"@type\":\"WebSite\",\"@id\":\"https:\\\/\\\/deliverbetter.com\\\/#website\",\"url\":\"https:\\\/\\\/deliverbetter.com\\\/\",\"name\":\"gofor\",\"description\":\"deliver better\",\"publisher\":{\"@id\":\"https:\\\/\\\/deliverbetter.com\\\/#organization\"},\"potentialAction\":[{\"@type\":\"SearchAction\",\"target\":{\"@type\":\"EntryPoint\",\"urlTemplate\":\"https:\\\/\\\/deliverbetter.com\\\/?s={search_term_string}\"},\"query-input\":{\"@type\":\"PropertyValueSpecification\",\"valueRequired\":true,\"valueName\":\"search_term_string\"}}],\"inLanguage\":\"fr-FR\"},{\"@type\":\"Organization\",\"@id\":\"https:\\\/\\\/deliverbetter.com\\\/#organization\",\"name\":\"gofor\",\"url\":\"https:\\\/\\\/deliverbetter.com\\\/\",\"logo\":{\"@type\":\"ImageObject\",\"inLanguage\":\"fr-FR\",\"@id\":\"https:\\\/\\\/deliverbetter.com\\\/#\\\/schema\\\/logo\\\/image\\\/\",\"url\":\"https:\\\/\\\/deliverbetter.com\\\/wp-content\\\/uploads\\\/2023\\\/04\\\/GoFor_PrimaryLogo_01_Colors-2.png\",\"contentUrl\":\"https:\\\/\\\/deliverbetter.com\\\/wp-content\\\/uploads\\\/2023\\\/04\\\/GoFor_PrimaryLogo_01_Colors-2.png\",\"width\":3000,\"height\":888,\"caption\":\"gofor\"},\"image\":{\"@id\":\"https:\\\/\\\/deliverbetter.com\\\/#\\\/schema\\\/logo\\\/image\\\/\"},\"sameAs\":[\"https:\\\/\\\/x.com\\\/_deliverbetter\",\"https:\\\/\\\/www.linkedin.com\\\/company\\\/gofordeliverbetter\\\/\"]}]}<\/script>\n<!-- \/ Yoast SEO plugin. -->","yoast_head_json":{"title":"privacy policy | gofor - gofor","robots":{"index":"index","follow":"follow","max-snippet":"max-snippet:-1","max-image-preview":"max-image-preview:large","max-video-preview":"max-video-preview:-1"},"canonical":"https:\/\/deliverbetter.com\/fr\/privacypolicy\/","og_locale":"fr_FR","og_type":"article","og_title":"privacy policy | gofor - gofor","og_description":"Learn how gofor uses and collects your data in our privacy policy.","og_url":"https:\/\/deliverbetter.com\/fr\/privacypolicy\/","og_site_name":"gofor","article_modified_time":"2023-05-02T01:24:40+00:00","twitter_card":"summary_large_image","twitter_site":"@_deliverbetter","twitter_misc":{"Dur\u00e9e de lecture estim\u00e9e":"9 minutes"},"schema":{"@context":"https:\/\/schema.org","@graph":[{"@type":"WebPage","@id":"https:\/\/deliverbetter.com\/privacypolicy\/","url":"https:\/\/deliverbetter.com\/privacypolicy\/","name":"privacy policy | gofor - gofor","isPartOf":{"@id":"https:\/\/deliverbetter.com\/#website"},"datePublished":"2023-03-28T13:31:08+00:00","dateModified":"2023-05-02T01:24:40+00:00","breadcrumb":{"@id":"https:\/\/deliverbetter.com\/privacypolicy\/#breadcrumb"},"inLanguage":"fr-FR","potentialAction":[{"@type":"ReadAction","target":["https:\/\/deliverbetter.com\/privacypolicy\/"]}]},{"@type":"BreadcrumbList","@id":"https:\/\/deliverbetter.com\/privacypolicy\/#breadcrumb","itemListElement":[{"@type":"ListItem","position":1,"name":"Home","item":"https:\/\/deliverbetter.com\/"},{"@type":"ListItem","position":2,"name":"privacy policy | gofor"}]},{"@type":"WebSite","@id":"https:\/\/deliverbetter.com\/#website","url":"https:\/\/deliverbetter.com\/","name":"gofor","description":"livrer mieux","publisher":{"@id":"https:\/\/deliverbetter.com\/#organization"},"potentialAction":[{"@type":"SearchAction","target":{"@type":"EntryPoint","urlTemplate":"https:\/\/deliverbetter.com\/?s={search_term_string}"},"query-input":{"@type":"PropertyValueSpecification","valueRequired":true,"valueName":"search_term_string"}}],"inLanguage":"fr-FR"},{"@type":"Organization","@id":"https:\/\/deliverbetter.com\/#organization","name":"gofor","url":"https:\/\/deliverbetter.com\/","logo":{"@type":"ImageObject","inLanguage":"fr-FR","@id":"https:\/\/deliverbetter.com\/#\/schema\/logo\/image\/","url":"https:\/\/deliverbetter.com\/wp-content\/uploads\/2023\/04\/GoFor_PrimaryLogo_01_Colors-2.png","contentUrl":"https:\/\/deliverbetter.com\/wp-content\/uploads\/2023\/04\/GoFor_PrimaryLogo_01_Colors-2.png","width":3000,"height":888,"caption":"gofor"},"image":{"@id":"https:\/\/deliverbetter.com\/#\/schema\/logo\/image\/"},"sameAs":["https:\/\/x.com\/_deliverbetter","https:\/\/www.linkedin.com\/company\/gofordeliverbetter\/"]}]}},"featured_image_src":null,"featured_image_src_square":null,"_links":{"self":[{"href":"https:\/\/deliverbetter.com\/fr\/wp-json\/wp\/v2\/pages\/3","targetHints":{"allow":["GET"]}}],"collection":[{"href":"https:\/\/deliverbetter.com\/fr\/wp-json\/wp\/v2\/pages"}],"about":[{"href":"https:\/\/deliverbetter.com\/fr\/wp-json\/wp\/v2\/types\/page"}],"author":[{"embeddable":true,"href":"https:\/\/deliverbetter.com\/fr\/wp-json\/wp\/v2\/users\/1"}],"replies":[{"embeddable":true,"href":"https:\/\/deliverbetter.com\/fr\/wp-json\/wp\/v2\/comments?post=3"}],"version-history":[{"count":0,"href":"https:\/\/deliverbetter.com\/fr\/wp-json\/wp\/v2\/pages\/3\/revisions"}],"wp:attachment":[{"href":"https:\/\/deliverbetter.com\/fr\/wp-json\/wp\/v2\/media?parent=3"}],"curies":[{"name":"wp","href":"https:\/\/api.w.org\/{rel}","templated":true}]}}