{"id":189,"date":"2023-04-15T14:56:13","date_gmt":"2023-04-15T14:56:13","guid":{"rendered":"https:\/\/deliverbetter.com\/?page_id=189"},"modified":"2025-11-17T23:05:02","modified_gmt":"2025-11-17T23:05:02","slug":"end-user-license-agreement","status":"publish","type":"page","link":"https:\/\/deliverbetter.com\/fr\/end-user-license-agreement\/","title":{"rendered":"end user license agreement | gofor"},"content":{"rendered":"<h1 class=\"wp-block-heading has-text-color\" style=\"color:#ff2c58\">End-user license agreement (&#8220;agreement&#8221;)<\/h1>\n\n\n\n<p>Derni\u00e8re mise \u00e0 jour: November 19, 2018<\/p>\n\n\n\n<p>Veuillez lire attentivement l'Accord de licence d'utilisateur final (\"l'Accord\") avant de cliquer sur le bouton \"Je suis d'accord\", t\u00e9l\u00e9charger ou utiliser Gofor.live (\"l'Application\").<\/p>\n\n\n\n<p>En cliquant sur le bouton \"Je suis d'accord\", t\u00e9l\u00e9chargeant ou utilisant l'Application, vous vous engagez \u00e0 respecter les conditions g\u00e9n\u00e9rales de l'Accord.<\/p>\n\n\n\n<p>This Agreement is a legal agreement between you (either an individual or a single entity) and GoFor Delivers, Inc. and it governs your use of the Application made available to you by GoFor Delivers, Inc.<\/p>\n\n\n\n<p>Si vous n'acceptez pas les conditions de cet Accord, vous devez alors abstenir de cliquer sur le bouton \"Je suis d'accord\", t\u00e9l\u00e9charger ou utiliser l'Application.<\/p>\n\n\n\n<p>The Application is licensed, not sold, to you by GoFor Industries Inc. for use strictly in accordance with the terms of this Agreement.<\/p>\n\n\n\n<h2 class=\"wp-block-heading\">License<\/h2>\n\n\n\n<p>GoFor Delivers, Inc. grants you a revocable, non-exclusive, non-transferable, limited license to download, install and use the Application solely for your personal, non-commercial purposes strictly in accordance with the terms of this Agreement.<\/p>\n\n\n\n<h2 class=\"wp-block-heading\">Restrictions<\/h2>\n\n\n\n<p>Vous n'\u00eates pas autoris\u00e9 et vous ne permettrez pas \u00e0 d'autres de:<\/p>\n\n\n\n<ul class=\"wp-block-list\">\n<li>accorder une licence, vendre, louer, donner \u00e0 bail, transf\u00e9rer, distribuer, transmettre, h\u00e9berger, externaliser, r\u00e9v\u00e9ler ou autrement exploiter commercialement l'Application ou de mettre l'Application \u00e0 disposition d'un tiers.<\/li>\n\n\n\n<li>modifier, g\u00e9n\u00e9rer des \u0153uvres d\u00e9riv\u00e9es, d\u00e9sassembler, d\u00e9crypter, d\u00e9compiler ou proc\u00e9der \u00e0 l'ing\u00e9nierie inverse de l'Application ou toute partie de celui-ci.<\/li>\n\n\n\n<li>remove, alter or obscure any proprietary notice (including any notice of copyright or trademark) of GoFor Delivers, Inc. or its affiliates, partners, suppliers or the licensors of the Application.<\/li>\n<\/ul>\n\n\n\n<h2 class=\"wp-block-heading\">Intellectual property<\/h2>\n\n\n\n<p>The Application, including without limitation all copyrights, patents, trademarks, trade secrets and other intellectual property rights are, and shall remain, the sole and exclusive property of GoFor Delivers, Inc.<\/p>\n\n\n\n<h2 class=\"wp-block-heading\">Modifications to application<\/h2>\n\n\n\n<p>GoFor Delivers, Inc. reserves the right to modify, suspend or discontinue, temporarily or permanently, the Application or any service to which it connects, with or without notice and without liability to you.<\/p>\n\n\n\n<h2 class=\"wp-block-heading\">Updates to application<\/h2>\n\n\n\n<p>GoFor Delivers, Inc. may from time to time provide enhancements or improvements to the features\/functionality of the Application, which may include patches, bug fixes, updates, upgrades and other modifications (&#8220;Updates&#8221;).<\/p>\n\n\n\n<p>Updates may modify or delete certain features and\/or functionalities of the Application. You agree that GoFor Delivers, Inc. has no obligation to (i) provide any Updates, or (ii) continue to provide or enable any particular features and\/or functionalities of the Application to you.<\/p>\n\n\n\n<p>En outre, vous acceptez que toutes Mises \u00e0 jour (i) font partie int\u00e9grante de l'Application, et (ii) demeurent soumises aux conditions g\u00e9n\u00e9rales de l'Accord.<\/p>\n\n\n\n<h2 class=\"wp-block-heading\">Third-party services<\/h2>\n\n\n\n<p>Cet Application peut afficher, inclure ou mettre \u00e0 disposition du contenu fourni par des tiers (incluant les donn\u00e9es, informations, applications et d'autres services relatifs aux produits) ou fournir des liens vers des sites Web ou services tiers (\"Services tiers\").<\/p>\n\n\n\n<p>You acknowledge and agree that GoFor Industries Inc. shall not be responsible for any Third-Party Services, including their accuracy, completeness, timeliness, validity, copyright compliance, legality, decency, quality or any other aspect thereof. GoFor Industries Inc. does not assume and shall not have any liability or responsibility to you or any other person or entity for any Third-Party Services.<\/p>\n\n\n\n<p>Les Services tiers et des liens vers ces Services sont fournis \u00e0 titre de r\u00e9f\u00e9rence uniquement et vous les acc\u00e9dez et les utilisez \u00e0 votre propre risque sous r\u00e9serve des conditions g\u00e9n\u00e9rales \u00e9tablis par ces tierces parties.<\/p>\n\n\n\n<h2 class=\"wp-block-heading\">Term and termination<\/h2>\n\n\n\n<p>This Agreement shall remain in effect until terminated by you or GoFor Delivers, Inc.<\/p>\n\n\n\n<p>GoFor Delivers, Inc. may, in its sole discretion, at any time and for any or no reason, suspend or terminate this Agreement with or without prior notice.<\/p>\n\n\n\n<p>This Agreement will terminate immediately, without prior notice from GoFor Delivers, Inc., in the event that you fail to comply with any provision of this Agreement. You may also terminate this Agreement by deleting the Application and all copies thereof from your mobile device or from your computer.<\/p>\n\n\n\n<p>En cas de r\u00e9siliation de cet Accord, vous serez tenu de cesser toute utilisation de l'Application et de supprimer toutes copies de l'Application de votre appareil mobile ou de votre ordinateur.<\/p>\n\n\n\n<p>Termination of this Agreement will not limit any of GoFor Delivers, Inc.&#8217;s rights or remedies at law or in equity in case of breach by you (during the term of this Agreement) of any of your obligations under the present Agreement.<\/p>\n\n\n\n<h2 class=\"wp-block-heading\">Indemnification<\/h2>\n\n\n\n<p>You agree to indemnify and hold GoFor Delivers, Inc. and its parents, subsidiaries, affiliates, officers, employees, agents, partners and licensors (if any) harmless from any claim or demand, including reasonable attorneys&#8217; fees, due to or arising out of your: (a) use of the Application; (b) violation of this Agreement or any law or regulation; or (c) violation of any right of a third party.<\/p>\n\n\n\n<h2 class=\"wp-block-heading\">No warranties<\/h2>\n\n\n\n<p>The Application is provided to you &#8220;AS IS&#8221; and &#8220;AS AVAILABLE&#8221; and with all faults and defects without warranty of any kind. To the maximum extent permitted under applicable law, GoFor Delivers, Inc., on its own behalf and on behalf of its affiliates and its and their respective licensors and service providers, expressly disclaims all warranties, whether express, implied, statutory or otherwise, with respect to the Application, including all implied warranties of merchantability, fitness for a particular purpose, title and non-infringement, and warranties that may arise out of course of dealing, course of performance, usage or trade practice. Without limitation to the foregoing, GoFor Delivers, Inc. provides no warranty or undertaking, and makes no representation of any kind that the Application will meet your requirements, achieve any intended results, be compatible or work with any other software, applications, systems or services, operate without interruption, meet any performance or reliability standards or be error free or that any errors or defects can or will be corrected.<\/p>\n\n\n\n<p>Without limiting the foregoing, neither GoFor Delivers, Inc. nor any GoFor Delivers, Inc.&#8217;s provider makes any representation or warranty of any kind, express or implied: (i) as to the operation or availability of the Application, or the information, content, and materials or products included thereon; (ii) that the Application will be uninterrupted or error-free; (iii) as to the accuracy, reliability, or currency of any information or content provided through the Application; or (iv) that the Application, its servers, the content, or e-mails sent from or on behalf of GoFor Delivers, Inc. are free of viruses, scripts, trojan horses, worms, malware, timebombs or other harmful components.<\/p>\n\n\n\n<p>Les lois en vigueur dans certaines juridictions n'autorisent pas l'exclusion ou la limitation des garanties implicites ou la restriction aux droits en vigueur des consommateurs, par cons\u00e9quent, les restrictions ou exclusions pr\u00e9c\u00e9dentes peuvent ne pas s'appliquer.<\/p>\n\n\n\n<h2 class=\"wp-block-heading\">Limitation of liability<\/h2>\n\n\n\n<p>Notwithstanding any damages that you might incur, the entire liability of GoFor Delivers, Inc. and any of its suppliers under any provision of this Agreement and your exclusive remedy for all of the foregoing shall be limited to the amount actually paid by you for the Application.<\/p>\n\n\n\n<p>To the maximum extent permitted by applicable law, in no event shall GoFor Delivers, Inc. or its suppliers be liable for any special, incidental, indirect, or consequential damages whatsoever (including, but not limited to, damages for loss of profits, for loss of data or other information, for business interruption, for personal injury, for loss of privacy arising out of or in any way related to the use of or inability to use the Application, third-party software and\/or third-party hardware used with the Application, or otherwise in connection with any provision of this Agreement), even if GoFor Delivers, Inc. or any supplier has been advised of the possibility of such damages and even if the remedy fails of its essential purpose.<\/p>\n\n\n\n<p>Les lois en vigueur dans certaines juridictions n'autorisent pas l'exclusion ou la limitation des dommages accessoires ou indirects, par cons\u00e9quent, les restrictions ou exclusions pr\u00e9c\u00e9dentes peuvent ne pas s'appliquer.<\/p>\n\n\n\n<h2 class=\"wp-block-heading\">Severability<\/h2>\n\n\n\n<p>Si une disposition de cet Accord est d\u00e9clar\u00e9e invalide ou inex\u00e9cutable, cette disposition sera modifi\u00e9e et interpr\u00e9t\u00e9e de sorte \u00e0 accomplir au mieux les objectifs de la disposition initiale dans les limites maximales permises par la loi et les dispositions restantes continueront d'\u00eatre en vigueur.<\/p>\n\n\n\n<h2 class=\"wp-block-heading\">Waiver<\/h2>\n\n\n\n<p>Sauf aux termes des pr\u00e9sentes, le d\u00e9faut du partie d'exercer un droit pr\u00e9vu ou d'exiger la performance d'une obligation pr\u00e9vue par cet Accord ne constitue aucunement une renonciation \u00e0 son droit d'ex\u00e9cuter la disposition ni d'exiger son application \u00e0 tout moment par la suite, pas plus que son renonciation \u00e0 tout manquement ne doit pas \u00eatre consid\u00e9r\u00e9e comme une renonciation \u00e0 tout manquement ult\u00e9rieur.<\/p>\n\n\n\n<h2 class=\"wp-block-heading\">Amendments to this agreement<\/h2>\n\n\n\n<p>GoFor Delivers, Inc. reserves the right, at its sole discretion, to modify or replace this Agreement at any time. If a revision is material we will provide at least 60 days&#8217; notice prior to any new terms taking effect. What constitutes a material change will be determined at our sole discretion.<\/p>\n\n\n\n<p>En continuant d'acc\u00e9der ou utiliser notre Application apr\u00e8s toutes r\u00e9visions entrent en vigueur, vous acceptez d'\u00eatre li\u00e9 aux conditions r\u00e9vis\u00e9s. Si vous n'acceptez pas ces nouvelles conditions, vous n'\u00eates plus autoris\u00e9s \u00e0 utiliser l'Application.<\/p>\n\n\n\n<h2 class=\"wp-block-heading\">Governing law<\/h2>\n\n\n\n<p>Les lois de Ontario, Canada, \u00e0 l'exclusion de ses r\u00e8gles de conflit de lois, gouvernent cet Accord et votre utilisation de l'Application. Votre utilisation de l'Application peut \u00e9galement \u00eatre assujettis \u00e0 d'autres lois locaux, provinciaux, nationaux ou internationaux.<\/p>\n\n\n\n<h2 class=\"wp-block-heading\">Contact information<\/h2>\n\n\n\n<p>Si vous avez des questions au sujet de l'Accord, veuillez nous contacter.<\/p>\n\n\n\n<h2 class=\"wp-block-heading\">Entire agreement<\/h2>\n\n\n\n<p>The Agreement constitutes the entire agreement between you and GoFor Delivers, Inc. regarding your use of the Application and supersedes all prior and contemporaneous written or oral agreements between you and GoFor Delivers, Inc.<\/p>\n\n\n\n<p>You may be subject to additional terms and conditions that apply when you use or purchase other GoFor Delivers, Inc.&#8217;s services, which GoFor Delivers, Inc. will provide to you at the time of such use or purchase.<\/p>","protected":false},"excerpt":{"rendered":"<p>Learn about gofor&#8217;s end user license agreement.<\/p>","protected":false},"author":2,"featured_media":0,"parent":0,"menu_order":0,"comment_status":"closed","ping_status":"closed","template":"","meta":{"_genesis_block_theme_hide_title":true,"footnotes":""},"class_list":["post-189","page","type-page","status-publish","hentry","post","without-featured-image"],"yoast_head":"<!-- This site is optimized with the Yoast SEO plugin v27.5 - https:\/\/yoast.com\/product\/yoast-seo-wordpress\/ -->\n<title>end user license agreement | gofor<\/title>\n<meta name=\"description\" content=\"Learn about gofor&#039;s end user license agreement.\" \/>\n<meta name=\"robots\" content=\"index, follow, max-snippet:-1, max-image-preview:large, max-video-preview:-1\" \/>\n<link rel=\"canonical\" href=\"https:\/\/deliverbetter.com\/fr\/end-user-license-agreement\/\" \/>\n<meta property=\"og:locale\" content=\"fr_FR\" \/>\n<meta property=\"og:type\" content=\"article\" \/>\n<meta property=\"og:title\" content=\"end user license agreement | gofor\" \/>\n<meta property=\"og:description\" content=\"Learn about gofor&#039;s end user license agreement.\" \/>\n<meta property=\"og:url\" content=\"https:\/\/deliverbetter.com\/fr\/end-user-license-agreement\/\" \/>\n<meta property=\"og:site_name\" content=\"gofor\" \/>\n<meta property=\"article:modified_time\" content=\"2025-11-17T23:05:02+00:00\" \/>\n<meta name=\"twitter:card\" content=\"summary_large_image\" \/>\n<meta name=\"twitter:site\" content=\"@_deliverbetter\" \/>\n<meta name=\"twitter:label1\" content=\"Dur\u00e9e de lecture estim\u00e9e\" \/>\n\t<meta name=\"twitter:data1\" content=\"8 minutes\" \/>\n<script type=\"application\/ld+json\" class=\"yoast-schema-graph\">{\"@context\":\"https:\\\/\\\/schema.org\",\"@graph\":[{\"@type\":\"WebPage\",\"@id\":\"https:\\\/\\\/deliverbetter.com\\\/end-user-license-agreement\\\/\",\"url\":\"https:\\\/\\\/deliverbetter.com\\\/end-user-license-agreement\\\/\",\"name\":\"end user license agreement | gofor\",\"isPartOf\":{\"@id\":\"https:\\\/\\\/deliverbetter.com\\\/#website\"},\"datePublished\":\"2023-04-15T14:56:13+00:00\",\"dateModified\":\"2025-11-17T23:05:02+00:00\",\"description\":\"Learn about gofor's end user license agreement.\",\"breadcrumb\":{\"@id\":\"https:\\\/\\\/deliverbetter.com\\\/end-user-license-agreement\\\/#breadcrumb\"},\"inLanguage\":\"fr-FR\",\"potentialAction\":[{\"@type\":\"ReadAction\",\"target\":[\"https:\\\/\\\/deliverbetter.com\\\/end-user-license-agreement\\\/\"]}]},{\"@type\":\"BreadcrumbList\",\"@id\":\"https:\\\/\\\/deliverbetter.com\\\/end-user-license-agreement\\\/#breadcrumb\",\"itemListElement\":[{\"@type\":\"ListItem\",\"position\":1,\"name\":\"Home\",\"item\":\"https:\\\/\\\/deliverbetter.com\\\/\"},{\"@type\":\"ListItem\",\"position\":2,\"name\":\"end user license agreement | gofor\"}]},{\"@type\":\"WebSite\",\"@id\":\"https:\\\/\\\/deliverbetter.com\\\/#website\",\"url\":\"https:\\\/\\\/deliverbetter.com\\\/\",\"name\":\"gofor\",\"description\":\"deliver better\",\"publisher\":{\"@id\":\"https:\\\/\\\/deliverbetter.com\\\/#organization\"},\"potentialAction\":[{\"@type\":\"SearchAction\",\"target\":{\"@type\":\"EntryPoint\",\"urlTemplate\":\"https:\\\/\\\/deliverbetter.com\\\/?s={search_term_string}\"},\"query-input\":{\"@type\":\"PropertyValueSpecification\",\"valueRequired\":true,\"valueName\":\"search_term_string\"}}],\"inLanguage\":\"fr-FR\"},{\"@type\":\"Organization\",\"@id\":\"https:\\\/\\\/deliverbetter.com\\\/#organization\",\"name\":\"gofor\",\"url\":\"https:\\\/\\\/deliverbetter.com\\\/\",\"logo\":{\"@type\":\"ImageObject\",\"inLanguage\":\"fr-FR\",\"@id\":\"https:\\\/\\\/deliverbetter.com\\\/#\\\/schema\\\/logo\\\/image\\\/\",\"url\":\"https:\\\/\\\/deliverbetter.com\\\/wp-content\\\/uploads\\\/2023\\\/04\\\/GoFor_PrimaryLogo_01_Colors-2.png\",\"contentUrl\":\"https:\\\/\\\/deliverbetter.com\\\/wp-content\\\/uploads\\\/2023\\\/04\\\/GoFor_PrimaryLogo_01_Colors-2.png\",\"width\":3000,\"height\":888,\"caption\":\"gofor\"},\"image\":{\"@id\":\"https:\\\/\\\/deliverbetter.com\\\/#\\\/schema\\\/logo\\\/image\\\/\"},\"sameAs\":[\"https:\\\/\\\/x.com\\\/_deliverbetter\",\"https:\\\/\\\/www.linkedin.com\\\/company\\\/gofordeliverbetter\\\/\"]}]}<\/script>\n<!-- \/ Yoast SEO plugin. -->","yoast_head_json":{"title":"end user license agreement | gofor","description":"Learn about gofor's end user license agreement.","robots":{"index":"index","follow":"follow","max-snippet":"max-snippet:-1","max-image-preview":"max-image-preview:large","max-video-preview":"max-video-preview:-1"},"canonical":"https:\/\/deliverbetter.com\/fr\/end-user-license-agreement\/","og_locale":"fr_FR","og_type":"article","og_title":"end user license agreement | gofor","og_description":"Learn about gofor's end user license agreement.","og_url":"https:\/\/deliverbetter.com\/fr\/end-user-license-agreement\/","og_site_name":"gofor","article_modified_time":"2025-11-17T23:05:02+00:00","twitter_card":"summary_large_image","twitter_site":"@_deliverbetter","twitter_misc":{"Dur\u00e9e de lecture estim\u00e9e":"8 minutes"},"schema":{"@context":"https:\/\/schema.org","@graph":[{"@type":"WebPage","@id":"https:\/\/deliverbetter.com\/end-user-license-agreement\/","url":"https:\/\/deliverbetter.com\/end-user-license-agreement\/","name":"end user license agreement | gofor","isPartOf":{"@id":"https:\/\/deliverbetter.com\/#website"},"datePublished":"2023-04-15T14:56:13+00:00","dateModified":"2025-11-17T23:05:02+00:00","description":"Learn about gofor's end user license agreement.","breadcrumb":{"@id":"https:\/\/deliverbetter.com\/end-user-license-agreement\/#breadcrumb"},"inLanguage":"fr-FR","potentialAction":[{"@type":"ReadAction","target":["https:\/\/deliverbetter.com\/end-user-license-agreement\/"]}]},{"@type":"BreadcrumbList","@id":"https:\/\/deliverbetter.com\/end-user-license-agreement\/#breadcrumb","itemListElement":[{"@type":"ListItem","position":1,"name":"Home","item":"https:\/\/deliverbetter.com\/"},{"@type":"ListItem","position":2,"name":"end user license agreement | gofor"}]},{"@type":"WebSite","@id":"https:\/\/deliverbetter.com\/#website","url":"https:\/\/deliverbetter.com\/","name":"gofor","description":"livrer mieux","publisher":{"@id":"https:\/\/deliverbetter.com\/#organization"},"potentialAction":[{"@type":"SearchAction","target":{"@type":"EntryPoint","urlTemplate":"https:\/\/deliverbetter.com\/?s={search_term_string}"},"query-input":{"@type":"PropertyValueSpecification","valueRequired":true,"valueName":"search_term_string"}}],"inLanguage":"fr-FR"},{"@type":"Organization","@id":"https:\/\/deliverbetter.com\/#organization","name":"gofor","url":"https:\/\/deliverbetter.com\/","logo":{"@type":"ImageObject","inLanguage":"fr-FR","@id":"https:\/\/deliverbetter.com\/#\/schema\/logo\/image\/","url":"https:\/\/deliverbetter.com\/wp-content\/uploads\/2023\/04\/GoFor_PrimaryLogo_01_Colors-2.png","contentUrl":"https:\/\/deliverbetter.com\/wp-content\/uploads\/2023\/04\/GoFor_PrimaryLogo_01_Colors-2.png","width":3000,"height":888,"caption":"gofor"},"image":{"@id":"https:\/\/deliverbetter.com\/#\/schema\/logo\/image\/"},"sameAs":["https:\/\/x.com\/_deliverbetter","https:\/\/www.linkedin.com\/company\/gofordeliverbetter\/"]}]}},"featured_image_src":null,"featured_image_src_square":null,"_links":{"self":[{"href":"https:\/\/deliverbetter.com\/fr\/wp-json\/wp\/v2\/pages\/189","targetHints":{"allow":["GET"]}}],"collection":[{"href":"https:\/\/deliverbetter.com\/fr\/wp-json\/wp\/v2\/pages"}],"about":[{"href":"https:\/\/deliverbetter.com\/fr\/wp-json\/wp\/v2\/types\/page"}],"author":[{"embeddable":true,"href":"https:\/\/deliverbetter.com\/fr\/wp-json\/wp\/v2\/users\/2"}],"replies":[{"embeddable":true,"href":"https:\/\/deliverbetter.com\/fr\/wp-json\/wp\/v2\/comments?post=189"}],"version-history":[{"count":0,"href":"https:\/\/deliverbetter.com\/fr\/wp-json\/wp\/v2\/pages\/189\/revisions"}],"wp:attachment":[{"href":"https:\/\/deliverbetter.com\/fr\/wp-json\/wp\/v2\/media?parent=189"}],"curies":[{"name":"wp","href":"https:\/\/api.w.org\/{rel}","templated":true}]}}